{"id":4915,"date":"2024-09-12T13:10:51","date_gmt":"2024-09-12T11:10:51","guid":{"rendered":"http:\/\/adaptivenew.devversion.pl\/?page_id=4915"},"modified":"2024-12-16T12:26:04","modified_gmt":"2024-12-16T11:26:04","slug":"webinary","status":"publish","type":"page","link":"https:\/\/adaptivenew.devversion.pl\/pl\/materialy\/webinary\/","title":{"rendered":"Webinary"},"content":{"rendered":"\n<div class=\"wp-block-uagb-container uagb-block-e8160904 alignfull uagb-is-root-container\">\n<div class=\"wp-block-uagb-advanced-heading uagb-block-0a9a5b1d\"><p class=\"uagb-heading-text\">Na naszych webinarach omawiamy kluczowe wyzwania, z jakimi firmy spotykaj\u0105 si\u0119 w dynamicznie zmieniaj\u0105cym si\u0119 otoczeniu regulacyjnym i technologicznym, oraz pokazujemy rozwi\u0105zania, kt\u00f3re oferujemy. AdaptiveGRC wspiera przedsi\u0119biorstwa w zarz\u0105dzaniu ryzykiem, zgodno\u015bci oraz audytem, a ka\u017cdy z webinar\u00f3w koncentruje si\u0119 na innych aspektach tych zagadnie\u0144.<\/p><\/div>\n\n\n\n<div class=\"wp-block-uagb-advanced-heading uagb-block-c5f61693\"><h2 class=\"uagb-heading-text\">Dlaczego warto uczestniczy\u0107 w naszych webinarach?<\/h2><p class=\"uagb-desc-text\">Nasi eksperci prezentuj\u0105 nie tylko teoretyczn\u0105 wiedz\u0119, ale tak\u017ce praktyczne przyk\u0142ady wdro\u017ce\u0144 oraz realne rozwi\u0105zania problem\u00f3w, z kt\u00f3rymi mierz\u0105 si\u0119 przedsi\u0119biorstwa w obliczu zmieniaj\u0105cych si\u0119 przepis\u00f3w i wyzwa\u0144 technologicznych.<br><br>Jest to r\u00f3wnie\u017c doskona\u0142a okazja, by dowiedzie\u0107 si\u0119, jak nowoczesne technologie, takie jak sztuczna inteligencja, mog\u0105 wspiera\u0107 codzienn\u0105 dzia\u0142alno\u015b\u0107 ma\u0142ych jak i du\u017cych organizacji  przy jednoczesnym zachowaniu zgodno\u015bci z regulacjami i minimalizowaniu ryzyka operacyjnego.<br><br>Poni\u017cej znajdziesz nagrania dotychczas zorganizowanych przez nas webinar\u00f3w, zach\u0119camy do ogl\u0105dania. Zapraszamy r\u00f3wnie\u017c do uczestnictwa w naszych przysz\u0142ych webinarach i \u015bledzenia najnowszych trend\u00f3w w zarz\u0105dzaniu ryzykiem, zgodno\u015bci i audycie!<\/p><\/div>\n\n\n\n<div class=\"wp-block-columns is-layout-flex wp-container-core-columns-is-layout-9d6595d7 wp-block-columns-is-layout-flex\">\n<div class=\"wp-block-column is-layout-flow wp-block-column-is-layout-flow\">\n<figure class=\"wp-block-embed is-type-video is-provider-youtube wp-block-embed-youtube wp-embed-aspect-16-9 wp-has-aspect-ratio\"><div class=\"wp-block-embed__wrapper\">\n<iframe loading=\"lazy\" title=\"ESG Reporting and Auditing with AdaptiveGRC\" width=\"640\" height=\"360\" src=\"https:\/\/www.youtube.com\/embed\/QVxhFDneNAM?start=1188&#038;feature=oembed&#038;enablejsapi=1&#038;origin=http:\/\/adaptivenew.devversion.pl\" frameborder=\"0\" allow=\"accelerometer; autoplay; clipboard-write; encrypted-media; gyroscope; picture-in-picture; web-share\" referrerpolicy=\"strict-origin-when-cross-origin\" allowfullscreen><\/iframe>\n<\/div><\/figure>\n\n\n\n<figure class=\"wp-block-embed is-type-video is-provider-youtube wp-block-embed-youtube wp-embed-aspect-16-9 wp-has-aspect-ratio\"><div class=\"wp-block-embed__wrapper\">\n<iframe loading=\"lazy\" title=\"AdaptiveGRC: Zarz\u0105dzaj Skutecznie Dostawcami Us\u0142ug Kluczowych ICT Zgodnie z Regulacj\u0105 DORA\" width=\"640\" height=\"360\" src=\"https:\/\/www.youtube.com\/embed\/kU__A7PbWBI?feature=oembed&#038;enablejsapi=1&#038;origin=http:\/\/adaptivenew.devversion.pl\" frameborder=\"0\" allow=\"accelerometer; autoplay; clipboard-write; encrypted-media; gyroscope; picture-in-picture; web-share\" referrerpolicy=\"strict-origin-when-cross-origin\" allowfullscreen><\/iframe>\n<\/div><\/figure>\n<\/div>\n\n\n\n<div class=\"wp-block-column is-layout-flow wp-block-column-is-layout-flow\">\n<figure class=\"wp-block-embed is-type-video is-provider-youtube wp-block-embed-youtube wp-embed-aspect-16-9 wp-has-aspect-ratio\"><div class=\"wp-block-embed__wrapper\">\n<iframe loading=\"lazy\" title=\"Jak technologia mo\u017ce wesprze\u0107 dzia\u0142ania w audycie zdalnym i analitycznym\" width=\"640\" height=\"360\" src=\"https:\/\/www.youtube.com\/embed\/U1R4ksPX1n0?feature=oembed&#038;enablejsapi=1&#038;origin=http:\/\/adaptivenew.devversion.pl\" frameborder=\"0\" allow=\"accelerometer; autoplay; clipboard-write; encrypted-media; gyroscope; picture-in-picture; web-share\" referrerpolicy=\"strict-origin-when-cross-origin\" allowfullscreen><\/iframe>\n<\/div><\/figure>\n\n\n\n<figure class=\"wp-block-embed is-type-video is-provider-youtube wp-block-embed-youtube wp-embed-aspect-16-9 wp-has-aspect-ratio\"><div class=\"wp-block-embed__wrapper\">\n<iframe loading=\"lazy\" title=\"Ai-powered internal audit\" width=\"640\" height=\"360\" src=\"https:\/\/www.youtube.com\/embed\/qJrJ8_A_Cfs?feature=oembed&#038;enablejsapi=1&#038;origin=http:\/\/adaptivenew.devversion.pl\" frameborder=\"0\" allow=\"accelerometer; autoplay; clipboard-write; encrypted-media; gyroscope; picture-in-picture; web-share\" referrerpolicy=\"strict-origin-when-cross-origin\" allowfullscreen><\/iframe>\n<\/div><\/figure>\n<\/div>\n<\/div>\n\n\n\n<div class=\"wp-block-uagb-advanced-heading uagb-block-4a7c6274\"><h2 class=\"uagb-heading-text\">Wyzwania, na kt\u00f3re zwracamy uwag\u0119<br>w trakcie webinar\u00f3w AdaptiveGRC<\/h2><div class=\"uagb-separator\"><\/div><\/div>\n\n\n\n<div class=\"wp-block-uagb-advanced-heading uagb-block-5f11dcd0\"><h3 class=\"uagb-heading-text\">Skuteczne raportowanie ESG<\/h3><\/div>\n\n\n\n<div class=\"wp-block-uagb-advanced-heading uagb-block-4d22fc12\"><h3 class=\"uagb-heading-text\">Wspieranie zdalnego audytu i analizy<\/h3><p class=\"uagb-desc-text\">W dobie pracy zdalnej i hybrydowej firmy napotykaj\u0105 problemy z prowadzeniem audyt\u00f3w w rozproszonych zespo\u0142ach. Zmiana na zdalne audyty niesie za sob\u0105 nie tylko wyzwania organizacyjne, ale tak\u017ce technologiczne. Pokazujemy, jak AdaptiveGRC, z wykorzystaniem sztucznej inteligencji, mo\u017ce upro\u015bci\u0107 i zautomatyzowa\u0107 audyty zdalne, przy jednoczesnym zachowaniu pe\u0142nej przejrzysto\u015bci i dok\u0142adno\u015bci analizy danych.<\/p><\/div>\n\n\n\n<div class=\"wp-block-uagb-advanced-heading uagb-block-4c0cd66b\"><h3 class=\"uagb-heading-text\">Zarz\u0105dzanie ryzykiem operacyjnym i dostawcami w erze cyfrowej<\/h3><p class=\"uagb-desc-text\">Przepisy takie jak Digital Operational Resilience Act (DORA) wprowadzaj\u0105 nowe standardy dla przedsi\u0119biorstw, zw\u0142aszcza tych z sektora us\u0142ug finansowych. Jednym z g\u0142\u00f3wnych wyzwa\u0144 jest zarz\u0105dzanie ryzykiem operacyjnym oraz dostawcami technologii ICT. W naszych webinarach pokazujemy konkretne rozwi\u0105zania do zarz\u0105dzania kluczowymi dostawcami ICT w ramach platformy AdaptiveGRC, aby firmy mog\u0142y skutecznie adaptowa\u0107 si\u0119 do wymaga\u0144 stawianych przez t\u0119 regulacj\u0119.<\/p><\/div>\n\n\n\n<div class=\"wp-block-uagb-advanced-heading uagb-block-bd517768\"><h3 class=\"uagb-heading-text\">Wykorzystanie sztucznej inteligencji w audycie wewn\u0119trznym<\/h3><p class=\"uagb-desc-text\">Zmieniaj\u0105ce si\u0119 wymagania rynkowe wymuszaj\u0105 wdra\u017canie nowych technologii, takich jak sztuczna inteligencja, do codziennych proces\u00f3w biznesowych. AI nie tylko przyspiesza procesy audytowe, ale tak\u017ce umo\u017cliwia g\u0142\u0119bsz\u0105 analiz\u0119 danych. W trakcie naszych webinar\u00f3w pokazujemy, jak integracja AI mo\u017ce poprawi\u0107 dok\u0142adno\u015b\u0107 i efektywno\u015b\u0107 audyt\u00f3w wewn\u0119trznych, minimalizuj\u0105c ryzyko ludzkich b\u0142\u0119d\u00f3w.<\/p><\/div>\n<\/div>\n\n\n\n<div id=\"form\" class=\"wp-block-uagb-container uagb-block-d87c5f36 alignfull uagb-is-root-container\"><div class=\"uagb-container-inner-blocks-wrap\">\n<div style=\"height:37px\" aria-hidden=\"true\" class=\"wp-block-spacer\"><\/div>\n\n\n\n<div class=\"wp-block-columns is-layout-flex wp-container-core-columns-is-layout-9d6595d7 wp-block-columns-is-layout-flex\">\n<div class=\"wp-block-column is-layout-flow wp-block-column-is-layout-flow\">\n<div class=\"wp-block-uagb-advanced-heading uagb-block-6e670f22\"><p class=\"uagb-desc-text\"><strong>ZAREZERWUJ KONSUTLACJ\u0118<\/strong><\/p><h2 class=\"uagb-heading-text\">Usprawnij swoje dzia\u0142ania GRC dzi\u0119ki AdaptiveGRC.<\/h2><\/div>\n\n\n\n<div class=\"wp-block-uagb-info-box uagb-block-75ac35ca uagb-infobox__content-wrap  uagb-infobox-icon-left-title uagb-infobox-left uagb-infobox-image-valign-top\"><div class=\"uagb-ifb-content\"><div class=\"uagb-ifb-left-title-image\"><div class=\"uagb-ifb-image-content\"><img decoding=\"async\" src=\"http:\/\/adaptivenew.devversion.pl\/wp-content\/uploads\/2024\/09\/1-1.svg\" alt=\"\" width=\"50\" height=\"50\" loading=\"lazy\"\/><\/div><div class=\"uagb-ifb-title-wrap\"><h3 class=\"uagb-ifb-title\">Wype\u0142nij formularz.<\/h3><\/div><\/div><\/div><\/div>\n\n\n\n<div class=\"wp-block-uagb-info-box uagb-block-6286a86d uagb-infobox__content-wrap  uagb-infobox-icon-left-title uagb-infobox-left uagb-infobox-image-valign-top\"><div class=\"uagb-ifb-content\"><div class=\"uagb-ifb-left-title-image\"><div class=\"uagb-ifb-image-content\"><img decoding=\"async\" src=\"http:\/\/adaptivenew.devversion.pl\/wp-content\/uploads\/2024\/09\/2-1.svg\" alt=\"\" width=\"50\" height=\"50\" loading=\"lazy\"\/><\/div><div class=\"uagb-ifb-title-wrap\"><h3 class=\"uagb-ifb-title\">Nasz konsultant wsp\u00f3lnie z Tob\u0105 okre\u015bli potrzeby Twojej firmy.<\/h3><\/div><\/div><\/div><\/div>\n\n\n\n<div class=\"wp-block-uagb-info-box uagb-block-4411f0dc uagb-infobox__content-wrap  uagb-infobox-icon-left-title uagb-infobox-left uagb-infobox-image-valign-top\"><div class=\"uagb-ifb-content\"><div class=\"uagb-ifb-left-title-image\"><div class=\"uagb-ifb-image-content\"><img decoding=\"async\" src=\"http:\/\/adaptivenew.devversion.pl\/wp-content\/uploads\/2024\/09\/3-1.svg\" alt=\"\" width=\"50\" height=\"50\" loading=\"lazy\"\/><\/div><div class=\"uagb-ifb-title-wrap\"><h3 class=\"uagb-ifb-title\">Zaplanujemy demonstracj\u0119 produktu, aby pokaza\u0107 wymagane funkcje.<\/h3><\/div><\/div><\/div><\/div>\n\n\n\n<div class=\"wp-block-uagb-info-box uagb-block-c387d481 uagb-infobox__content-wrap  uagb-infobox-icon-left-title uagb-infobox-left uagb-infobox-image-valign-top\"><div class=\"uagb-ifb-content\"><div class=\"uagb-ifb-left-title-image\"><div class=\"uagb-ifb-image-content\"><img decoding=\"async\" src=\"http:\/\/adaptivenew.devversion.pl\/wp-content\/uploads\/2024\/09\/4-1.svg\" alt=\"\" width=\"50\" height=\"50\" loading=\"lazy\"\/><\/div><div class=\"uagb-ifb-title-wrap\"><h3 class=\"uagb-ifb-title\">Pozyskamy Twoj\u0105 opini\u0119 i dostosujemy narz\u0119dzie do Twoich potrzeb.<\/h3><\/div><\/div><\/div><\/div>\n<\/div>\n\n\n\n<div class=\"wp-block-column is-layout-flow wp-block-column-is-layout-flow\">\n<div class=\"wp-block-uagb-advanced-heading uagb-block-865c2400\"><h2 class=\"uagb-heading-text\">Wype\u0142nij formularz<\/h2><\/div>\n\n\n\n\n<div class=\"wpcf7 no-js\" id=\"wpcf7-f4677-o1\" lang=\"pl-PL\" dir=\"ltr\" data-wpcf7-id=\"4677\">\n<div class=\"screen-reader-response\"><p role=\"status\" aria-live=\"polite\" aria-atomic=\"true\"><\/p> <ul><\/ul><\/div>\n<form action=\"\/pl\/wp-json\/wp\/v2\/pages\/4915#wpcf7-f4677-o1\" method=\"post\" class=\"wpcf7-form init black-style wpcf7-acceptance-as-validation\" aria-label=\"Formularz kontaktowy\" novalidate=\"novalidate\" data-status=\"init\">\n<fieldset class=\"hidden-fields-container\"><input type=\"hidden\" name=\"_wpcf7\" value=\"4677\" \/><input type=\"hidden\" name=\"_wpcf7_version\" value=\"6.1.1\" \/><input type=\"hidden\" name=\"_wpcf7_locale\" value=\"pl_PL\" \/><input type=\"hidden\" name=\"_wpcf7_unit_tag\" value=\"wpcf7-f4677-o1\" \/><input type=\"hidden\" name=\"_wpcf7_container_post\" value=\"0\" \/><input type=\"hidden\" name=\"_wpcf7_posted_data_hash\" value=\"\" \/><input type=\"hidden\" name=\"_wpcf7_recaptcha_response\" value=\"\" \/>\n<\/fieldset>\n<label> Wybierz temat:<\/label>\n<span class=\"wpcf7-form-control-wrap\" data-name=\"temat\"><select class=\"wpcf7-form-control wpcf7-select wpcf7-validates-as-required\" aria-required=\"true\" aria-invalid=\"false\" name=\"temat\"><option value=\"Audyt wewn\u0119trzny\">Audyt wewn\u0119trzny<\/option><option value=\"Zarz\u0105dzanie ryzykiem\">Zarz\u0105dzanie ryzykiem<\/option><option value=\"Compliance\">Compliance<\/option><option value=\"Kontrola wewn\u0119trzna\">Kontrola wewn\u0119trzna<\/option><option value=\"BION\">BION<\/option><option value=\"TPRM\">TPRM<\/option><option value=\"GDPR\/RODO\">GDPR\/RODO<\/option><option value=\"DORA\">DORA<\/option><option value=\"NIS2\">NIS2<\/option><option value=\"DPIA\">DPIA<\/option><option value=\"ESG\">ESG<\/option><option value=\"inne\">inne<\/option><\/select><\/span> \n\n<label> Imi\u0119 i Nazwisko<\/label>\n<span class=\"wpcf7-form-control-wrap\" data-name=\"Name\"><input size=\"40\" maxlength=\"400\" class=\"wpcf7-form-control wpcf7-text wpcf7-validates-as-required\" aria-required=\"true\" aria-invalid=\"false\" value=\"\" type=\"text\" name=\"Name\" \/><\/span> \n\n<label>Email<\/label>\n<span class=\"wpcf7-form-control-wrap\" data-name=\"BusinessEmail\"><input size=\"40\" maxlength=\"400\" class=\"wpcf7-form-control wpcf7-email wpcf7-validates-as-required wpcf7-text wpcf7-validates-as-email\" aria-required=\"true\" aria-invalid=\"false\" value=\"\" type=\"email\" name=\"BusinessEmail\" \/><\/span> \n\n<label>Telefon (opcjonalnie)<\/label>\n<span class=\"wpcf7-form-control-wrap\" data-name=\"Phone\"><input size=\"40\" class=\"wpcf7-form-control wpcf7-phonetext wpcf7-text wpcf7-validates-as-phonetext\" aria-invalid=\"false\" value=\"\" type=\"text\" name=\"Phone\" \/><input type=\"hidden\" name=\"Phone-country-code\" class=\"wpcf7-phonetext-country-code\" \/><\/span> \n\n<div class=\"consents\">\n    <div class=\"consent-item\">\n        <span class=\"wpcf7-form-control-wrap\" data-name=\"acceptance\"><span class=\"wpcf7-form-control wpcf7-acceptance\"><span class=\"wpcf7-list-item\"><label><input type=\"checkbox\" name=\"acceptance\" value=\"1\" aria-invalid=\"false\" \/><span class=\"wpcf7-list-item-label\">Wyra\u017cam zgod\u0119 na otrzymywanie komunikat\u00f3w i materia\u0142\u00f3w marketingowych dotycz\u0105cych ofert i wydarze\u0144 od C&F S.A. i jej przedstawicieli.<\/span><\/label><\/span><\/span><\/span>\n    <\/div>\n<\/div>\n\n<p class=\"extra-acceptance-text\">Administratorem Twoich danych osobowych jest C&F S.A. z siedzib\u0105 w Warszawie. Twoje dane b\u0119d\u0105 przetwarzane zgodnie z <a href=\"https:\/\/candf.com\/polityka-prywatnosci\/\" target=\"_blank\" rel=\"noopener\"> Polityk\u0105 Prywatno\u015bci<\/a> C&F S.A.<\/p>\n\n<input class=\"wpcf7-form-control wpcf7-hidden\" value=\"Webinary\" type=\"hidden\" name=\"candf-from-name\" \/>\n<input class=\"wpcf7-form-control wpcf7-hidden\" value=\"https:\/\/adaptivenew.devversion.pl\/pl\/wp-json\/wp\/v2\/pages\/4915\" type=\"hidden\" name=\"candf-from-link\" \/>\n\n<span id=\"wpcf7-69db8b89eec03-wrapper\" class=\"wpcf7-form-control-wrap honeypot-881-wrap\" style=\"display:none !important; visibility:hidden !important;\"><input type=\"hidden\" name=\"honeypot-881-time-start\" value=\"1775995785\"><input type=\"hidden\" name=\"honeypot-881-time-check\" value=\"3\"><label for=\"wpcf7-69db8b89eec03-field\" class=\"hp-message\">Please leave this field empty.<\/label><input id=\"wpcf7-69db8b89eec03-field\"  class=\"wpcf7-form-control wpcf7-text\" type=\"text\" name=\"honeypot-881\" value=\"\" size=\"40\" tabindex=\"-1\" autocomplete=\"new-password\" \/><\/span>\n<div class=\"send-button-wrapper\"><button type=\"submit\" class=\"btn cf7-button-loader\"><span class=\"cf7-button-loader\"><svg xmlns=\"http:\/\/www.w3.org\/2000\/svg\" width=\"16\" height=\"16\" viewBox=\"0 0 24 24\" fill=\"none\">\n        <path d=\"M3 12C3 9.61305 3.94821 7.32387 5.63604 5.63604C7.32387 3.94821 9.61305 3 12 3C14.516 3.00947 16.931 3.99122 18.74 5.74L21 8\" stroke=\"white\" stroke-linecap=\"round\" stroke-linejoin=\"round\"\/>\n        <path d=\"M21 3V8H16\" stroke=\"white\" stroke-linecap=\"round\" stroke-linejoin=\"round\"\/>\n        <path d=\"M21 12C21 14.3869 20.0518 16.6761 18.364 18.364C16.6761 20.0518 14.3869 21 12 21C9.48395 20.9905 7.06897 20.0088 5.26 18.26L3 16\" stroke=\"white\" stroke-linecap=\"round\" stroke-linejoin=\"round\"\/>\n        <path d=\"M8 16H3V21\" stroke=\"white\" stroke-linecap=\"round\" stroke-linejoin=\"round\"\/>\n        <\/svg><\/span> ZAREZERWUJ KONSULTACJ\u0118<\/button><\/div><div class=\"wpcf7-response-output\" aria-hidden=\"true\"><\/div>\n<\/form>\n<\/div>\n\n<\/div>\n<\/div>\n<\/div><\/div>\n\n\n\n<div style=\"height:100px\" aria-hidden=\"true\" class=\"wp-block-spacer\"><\/div>\n","protected":false},"excerpt":{"rendered":"<p>Na naszych webinarach omawiamy kluczowe wyzwania, z jakimi firmy spotykaj\u0105 si\u0119 w dynamicznie zmieniaj\u0105cym si\u0119 otoczeniu regulacyjnym i technologicznym, oraz pokazujemy rozwi\u0105zania, kt\u00f3re&#8230;<\/p>\n","protected":false},"author":3,"featured_media":0,"parent":4227,"menu_order":0,"comment_status":"closed","ping_status":"closed","template":"","meta":{"_acf_changed":false,"_eb_attr":"","inline_featured_image":false,"_uag_custom_page_level_css":"","footnotes":""},"class_list":["post-4915","page","type-page","status-publish","hentry"],"acf":[],"uagb_featured_image_src":{"full":false,"thumbnail":false,"medium":false,"medium_large":false,"large":false,"1536x1536":false,"2048x2048":false,"logo":false},"uagb_author_info":{"display_name":"Kamil Ekiert","author_link":"https:\/\/adaptivenew.devversion.pl\/pl\/author\/keki\/"},"uagb_comment_info":0,"uagb_excerpt":"Na naszych webinarach omawiamy kluczowe wyzwania, z jakimi firmy spotykaj\u0105 si\u0119 w dynamicznie zmieniaj\u0105cym si\u0119 otoczeniu regulacyjnym i technologicznym, oraz pokazujemy rozwi\u0105zania, kt\u00f3re...","_links":{"self":[{"href":"https:\/\/adaptivenew.devversion.pl\/pl\/wp-json\/wp\/v2\/pages\/4915","targetHints":{"allow":["GET"]}}],"collection":[{"href":"https:\/\/adaptivenew.devversion.pl\/pl\/wp-json\/wp\/v2\/pages"}],"about":[{"href":"https:\/\/adaptivenew.devversion.pl\/pl\/wp-json\/wp\/v2\/types\/page"}],"author":[{"embeddable":true,"href":"https:\/\/adaptivenew.devversion.pl\/pl\/wp-json\/wp\/v2\/users\/3"}],"replies":[{"embeddable":true,"href":"https:\/\/adaptivenew.devversion.pl\/pl\/wp-json\/wp\/v2\/comments?post=4915"}],"version-history":[{"count":10,"href":"https:\/\/adaptivenew.devversion.pl\/pl\/wp-json\/wp\/v2\/pages\/4915\/revisions"}],"predecessor-version":[{"id":5808,"href":"https:\/\/adaptivenew.devversion.pl\/pl\/wp-json\/wp\/v2\/pages\/4915\/revisions\/5808"}],"up":[{"embeddable":true,"href":"https:\/\/adaptivenew.devversion.pl\/pl\/wp-json\/wp\/v2\/pages\/4227"}],"wp:attachment":[{"href":"https:\/\/adaptivenew.devversion.pl\/pl\/wp-json\/wp\/v2\/media?parent=4915"}],"curies":[{"name":"wp","href":"https:\/\/api.w.org\/{rel}","templated":true}]}}